{"id":742,"date":"2023-12-27T14:36:43","date_gmt":"2023-12-27T13:36:43","guid":{"rendered":"https:\/\/lgrmazury.pl\/mapa-strony\/"},"modified":"2023-12-28T11:36:01","modified_gmt":"2023-12-28T10:36:01","slug":"sitemap","status":"publish","type":"page","link":"https:\/\/lgrmazury.pl\/en\/sitemap\/","title":{"rendered":"Sitemap"},"content":{"rendered":"\t\t<div data-elementor-type=\"wp-page\" data-elementor-id=\"742\" class=\"elementor elementor-742 elementor-692\">\n\t\t\t\t\t\t\t\t\t<section class=\"elementor-section elementor-top-section elementor-element elementor-element-1e300b22 elementor-section-boxed elementor-section-height-default elementor-section-height-default\" data-id=\"1e300b22\" data-element_type=\"section\">\n\t\t\t\t\t\t<div class=\"elementor-container elementor-column-gap-default\">\n\t\t\t\t\t<div class=\"elementor-column elementor-col-100 elementor-top-column elementor-element elementor-element-22c3b25a\" data-id=\"22c3b25a\" data-element_type=\"column\">\n\t\t\t<div class=\"elementor-widget-wrap elementor-element-populated\">\n\t\t\t\t\t\t\t\t<div class=\"elementor-element elementor-element-210d0f7c elementor-widget elementor-widget-shortcode\" data-id=\"210d0f7c\" data-element_type=\"widget\" data-widget_type=\"shortcode.default\">\n\t\t\t\t<div class=\"elementor-widget-container\">\n\t\t\t\t\t<div class=\"elementor-shortcode\"><div class=\"wsp-container\"><h2 class=\"wsp-pages-title\">Pages<\/h2>\n<ul class=\"wsp-pages-list\">\n<li class=\"page_item page-item-393\"><a href=\"https:\/\/lgrmazury.pl\/en\/about-the-association\/\">About the Association<\/a><\/li>\n<li class=\"page_item page-item-417\"><a href=\"https:\/\/lgrmazury.pl\/en\/contact\/\">Contact<\/a><\/li>\n<li class=\"page_item page-item-407\"><a href=\"https:\/\/lgrmazury.pl\/en\/downloads\/\">Downloads<\/a><\/li>\n<li class=\"page_item page-item-387\"><a href=\"https:\/\/lgrmazury.pl\/en\/\">Homepage<\/a><\/li>\n<li class=\"page_item page-item-425 current_page_parent\"><a href=\"https:\/\/lgrmazury.pl\/en\/news\/\">News<\/a><\/li>\n<li class=\"page_item page-item-569 page_item_has_children\"><a href=\"https:\/\/lgrmazury.pl\/en\/projects\/\">Projects<\/a>\n<ul class='children'>\n\t<li class=\"page_item page-item-1794\"><a href=\"https:\/\/lgrmazury.pl\/en\/projects\/projects-4\/\">Projects<\/a><\/li>\n\t<li class=\"page_item page-item-780\"><a href=\"https:\/\/lgrmazury.pl\/en\/projects\/projects\/\">Projects<\/a><\/li>\n\t<li class=\"page_item page-item-783\"><a href=\"https:\/\/lgrmazury.pl\/en\/projects\/projects-2\/\">Projects<\/a><\/li>\n\t<li class=\"page_item page-item-1520\"><a href=\"https:\/\/lgrmazury.pl\/en\/projects\/projects-3\/\">Projects<\/a><\/li>\n<\/ul>\n<\/li>\n<li class=\"page_item page-item-1359 page_item_has_children\"><a href=\"https:\/\/lgrmazury.pl\/en\/projects-2\/\">Projects<\/a>\n<ul class='children'>\n\t<li class=\"page_item page-item-1997\"><a href=\"https:\/\/lgrmazury.pl\/en\/projects-2\/projects-3\/\">Projects<\/a><\/li>\n\t<li class=\"page_item page-item-2005\"><a href=\"https:\/\/lgrmazury.pl\/en\/projects-2\/projects\/\">Projects<\/a><\/li>\n<\/ul>\n<\/li>\n<li class=\"page_item page-item-742\"><a href=\"https:\/\/lgrmazury.pl\/en\/sitemap\/\">Sitemap<\/a><\/li>\n<li class=\"page_item page-item-543\"><a href=\"https:\/\/lgrmazury.pl\/en\/team\/\">Team<\/a><\/li>\n<\/ul>\n<h2 class=\"wsp-posts-title\">Posts by category<\/h2>\n<ul class=\"wsp-posts-list\">\n\t<li><strong class=\"wsp-category-title\">Category: <a href=\"https:\/\/lgrmazury.pl\/en\/kategoria\/aktywni-obywatele-en\/\">Aktywni Obywatele<\/a><\/strong>\n<ul class=\"wsp-posts-list\">\t\t<li class=\"wsp-post\"><a href=\"https:\/\/lgrmazury.pl\/en\/otrzymalismy-grant-na-wzmacnianie-potencjalu-organizacji\/\">Otrzymali\u015bmy grant na wzmacnianie potencja\u0142u organizacji<\/a><\/li>\n<\/ul><\/li>\n\t<li><strong class=\"wsp-category-title\">Category: <a href=\"https:\/\/lgrmazury.pl\/en\/kategoria\/lokalna-strategia-rozwoju-en\/\">Lokalna Strategia Rozwoju<\/a><\/strong>\n<ul class=\"wsp-posts-list\">\t\t<li class=\"wsp-post\"><a href=\"https:\/\/lgrmazury.pl\/en\/obejrzyjcie-relacje-telewizji-olsztyn-z-naszych-spotkan-konsultacyjnych\/\">Obejrzyjcie relacj\u0119 Telewizji Olsztyn z naszych spotka\u0144 konsultacyjnych<\/a><\/li>\n\t\t<li class=\"wsp-post\"><a href=\"https:\/\/lgrmazury.pl\/en\/rozpoczynamy-kolejny-etap-spotkan-konsultacyjnych\/\">Rozpoczynamy kolejny etap spotka\u0144 konsultacyjnych<\/a><\/li>\n\t\t<li class=\"wsp-post\"><a href=\"https:\/\/lgrmazury.pl\/en\/pierwszy-etap-spotkan-konsultacyjnych-za-nami\/\">Pierwszy etap spotka\u0144 konsultacyjnych za nami<\/a><\/li>\n\t\t<li class=\"wsp-post\"><a href=\"https:\/\/lgrmazury.pl\/en\/harmonogram-spotkan-konsultacyjnych-w-powiecie-wegorzewskim-i-gizyckim\/\">Harmonogram spotka\u0144 konsultacyjnych w powiecie w\u0119gorzewskim i gi\u017cyckim<\/a><\/li>\n\t\t<li class=\"wsp-post\"><a href=\"https:\/\/lgrmazury.pl\/en\/rozpoczynamy-prace-nad-sporzadzeniem-dokumentu-lokalnej-strategii-rozwoju-dla-obszaru-dzialania-lgr-mazury\/\">Rozpoczynamy prace nad sporz\u0105dzeniem dokumentu Lokalnej Strategii Rozwoju dla obszaru dzia\u0142ania LGR MAZURY<\/a><\/li>\n<\/ul><\/li>\n\t<li><strong class=\"wsp-category-title\">Category: <a href=\"https:\/\/lgrmazury.pl\/en\/kategoria\/news\/\">News<\/a><\/strong>\n<ul class=\"wsp-posts-list\">\t\t<li class=\"wsp-post\"><a href=\"https:\/\/lgrmazury.pl\/en\/mazurski-festiwal-tradycji-rybackich\/\">Mazurski Festiwal Tradycji Rybackich<\/a><\/li>\n<\/ul><\/li>\n<\/ul>\n<\/div><\/div>\n\t\t\t\t<\/div>\n\t\t\t\t<\/div>\n\t\t\t\t\t<\/div>\n\t\t<\/div>\n\t\t\t\t\t\t\t<\/div>\n\t\t<\/section>\n\t\t\t\t\t\t\t<\/div>\n\t\t","protected":false},"excerpt":{"rendered":"","protected":false},"author":1,"featured_media":0,"parent":0,"menu_order":0,"comment_status":"closed","ping_status":"closed","template":"","meta":{"neve_meta_sidebar":"","neve_meta_container":"","neve_meta_enable_content_width":"off","neve_meta_content_width":100,"neve_meta_title_alignment":"","neve_meta_author_avatar":"","neve_post_elements_order":"","neve_meta_disable_header":"","neve_meta_disable_footer":"","neve_meta_disable_title":"on","neve_meta_reading_time":"","footnotes":""},"class_list":["post-742","page","type-page","status-publish","hentry"],"_links":{"self":[{"href":"https:\/\/lgrmazury.pl\/en\/wp-json\/wp\/v2\/pages\/742","targetHints":{"allow":["GET"]}}],"collection":[{"href":"https:\/\/lgrmazury.pl\/en\/wp-json\/wp\/v2\/pages"}],"about":[{"href":"https:\/\/lgrmazury.pl\/en\/wp-json\/wp\/v2\/types\/page"}],"author":[{"embeddable":true,"href":"https:\/\/lgrmazury.pl\/en\/wp-json\/wp\/v2\/users\/1"}],"replies":[{"embeddable":true,"href":"https:\/\/lgrmazury.pl\/en\/wp-json\/wp\/v2\/comments?post=742"}],"version-history":[{"count":1,"href":"https:\/\/lgrmazury.pl\/en\/wp-json\/wp\/v2\/pages\/742\/revisions"}],"predecessor-version":[{"id":743,"href":"https:\/\/lgrmazury.pl\/en\/wp-json\/wp\/v2\/pages\/742\/revisions\/743"}],"wp:attachment":[{"href":"https:\/\/lgrmazury.pl\/en\/wp-json\/wp\/v2\/media?parent=742"}],"curies":[{"name":"wp","href":"https:\/\/api.w.org\/{rel}","templated":true}]}}