{"id":387,"date":"2023-07-15T13:12:36","date_gmt":"2023-07-15T11:12:36","guid":{"rendered":"https:\/\/lgrmazury.pl\/strona-glowna\/"},"modified":"2023-12-28T11:17:31","modified_gmt":"2023-12-28T10:17:31","slug":"strona-glowna","status":"publish","type":"page","link":"https:\/\/lgrmazury.pl\/en\/","title":{"rendered":"Homepage"},"content":{"rendered":"\t\t<div data-elementor-type=\"wp-page\" data-elementor-id=\"387\" class=\"elementor elementor-387 elementor-8\">\n\t\t\t\t\t\t\t\t\t<section class=\"elementor-section elementor-top-section elementor-element elementor-element-c7bb927 elementor-section-boxed elementor-section-height-default elementor-section-height-default\" data-id=\"c7bb927\" data-element_type=\"section\" data-settings=\"{&quot;background_background&quot;:&quot;classic&quot;,&quot;shape_divider_bottom&quot;:&quot;waves&quot;}\">\n\t\t\t\t\t<div class=\"elementor-shape elementor-shape-bottom\" data-negative=\"false\">\n\t\t\t<svg xmlns=\"http:\/\/www.w3.org\/2000\/svg\" viewBox=\"0 0 1000 100\" preserveAspectRatio=\"none\">\n\t<path class=\"elementor-shape-fill\" d=\"M421.9,6.5c22.6-2.5,51.5,0.4,75.5,5.3c23.6,4.9,70.9,23.5,100.5,35.7c75.8,32.2,133.7,44.5,192.6,49.7\n\tc23.6,2.1,48.7,3.5,103.4-2.5c54.7-6,106.2-25.6,106.2-25.6V0H0v30.3c0,0,72,32.6,158.4,30.5c39.2-0.7,92.8-6.7,134-22.4\n\tc21.2-8.1,52.2-18.2,79.7-24.2C399.3,7.9,411.6,7.5,421.9,6.5z\"\/>\n<\/svg>\t\t<\/div>\n\t\t\t\t\t<div class=\"elementor-container elementor-column-gap-default\">\n\t\t\t\t\t<div class=\"elementor-column elementor-col-50 elementor-top-column elementor-element elementor-element-6f24434\" data-id=\"6f24434\" data-element_type=\"column\">\n\t\t\t<div class=\"elementor-widget-wrap elementor-element-populated\">\n\t\t\t\t\t\t\t\t<div class=\"elementor-element elementor-element-d22e245 elementor-widget elementor-widget-heading\" data-id=\"d22e245\" data-element_type=\"widget\" data-widget_type=\"heading.default\">\n\t\t\t\t<div class=\"elementor-widget-container\">\n\t\t\t<style>\/*! elementor - v3.15.0 - 20-08-2023 *\/\n.elementor-heading-title{padding:0;margin:0;line-height:1}.elementor-widget-heading .elementor-heading-title[class*=elementor-size-]>a{color:inherit;font-size:inherit;line-height:inherit}.elementor-widget-heading .elementor-heading-title.elementor-size-small{font-size:15px}.elementor-widget-heading .elementor-heading-title.elementor-size-medium{font-size:19px}.elementor-widget-heading .elementor-heading-title.elementor-size-large{font-size:29px}.elementor-widget-heading .elementor-heading-title.elementor-size-xl{font-size:39px}.elementor-widget-heading .elementor-heading-title.elementor-size-xxl{font-size:59px}<\/style><h1 class=\"elementor-heading-title elementor-size-default\">We care about the development of small Masurian communes<\/h1>\t\t<\/div>\n\t\t\t\t<\/div>\n\t\t\t\t<div class=\"elementor-element elementor-element-51a272b elementor-widget elementor-widget-heading\" data-id=\"51a272b\" data-element_type=\"widget\" data-widget_type=\"heading.default\">\n\t\t\t\t<div class=\"elementor-widget-container\">\n\t\t\t<h6 class=\"elementor-heading-title elementor-size-default\">The aim of the Association's activity is to improve the quality of life of the inhabitants and to support the sustainable development of the LGR Mazury area<\/h6>\t\t<\/div>\n\t\t\t\t<\/div>\n\t\t\t\t\t<\/div>\n\t\t<\/div>\n\t\t\t\t<div class=\"elementor-column elementor-col-50 elementor-top-column elementor-element elementor-element-8f009f9\" data-id=\"8f009f9\" data-element_type=\"column\">\n\t\t\t<div class=\"elementor-widget-wrap\">\n\t\t\t\t\t\t\t\t\t<\/div>\n\t\t<\/div>\n\t\t\t\t\t\t\t<\/div>\n\t\t<\/section>\n\t\t\t\t<section class=\"elementor-section elementor-top-section elementor-element elementor-element-eee103b elementor-section-boxed elementor-section-height-default elementor-section-height-default\" data-id=\"eee103b\" data-element_type=\"section\">\n\t\t\t\t\t\t<div class=\"elementor-container elementor-column-gap-default\">\n\t\t\t\t\t<div class=\"elementor-column elementor-col-100 elementor-top-column elementor-element elementor-element-f3bfd8f\" data-id=\"f3bfd8f\" data-element_type=\"column\">\n\t\t\t<div class=\"elementor-widget-wrap elementor-element-populated\">\n\t\t\t\t\t\t\t\t<div class=\"elementor-element elementor-element-b57d91f elementor-widget elementor-widget-heading\" data-id=\"b57d91f\" data-element_type=\"widget\" data-widget_type=\"heading.default\">\n\t\t\t\t<div class=\"elementor-widget-container\">\n\t\t\t<h2 class=\"elementor-heading-title elementor-size-default\">News<\/h2>\t\t<\/div>\n\t\t\t\t<\/div>\n\t\t\t\t<div class=\"elementor-element elementor-element-61c4f33 elementor-widget elementor-widget-obfx-posts-grid\" data-id=\"61c4f33\" data-element_type=\"widget\" data-widget_type=\"obfx-posts-grid.default\">\n\t\t\t\t<div class=\"elementor-widget-container\">\n\t\t\t<div class=\"obfx-grid\"><div class=\"obfx-grid-container obfx-grid-mobile-1 obfx-grid-tablet-2 obfx-grid-desktop-3\"><div class=\"obfx-grid-wrapper\"><article class=\"obfx-grid-col\"><div class=\"obfx-grid-col-image\" ><a href=\"https:\/\/lgrmazury.pl\/en\/festiwal-mazurskich-tradycji-rybackich\/\" title=\"12 sierpnia mieli\u015bmy niezwyk\u0142\u0105 okazj\u0119 spotka\u0107 si\u0119 w Orzyszu podczas fantastycznego wydarzenia &#8211; Festiwalu Mazurskich Tradycji Rybackich!\"><img loading=\"lazy\" decoding=\"async\" width=\"930\" height=\"620\" src=\"https:\/\/lgrmazury.pl\/wp-content\/uploads\/2023\/09\/DSC_0346z-930x620.jpg\" class=\"img-responsive wp-post-image\" alt=\"DSC_0346z\" srcset=\"https:\/\/lgrmazury.pl\/wp-content\/uploads\/2023\/09\/DSC_0346z-930x620.jpg 930w, https:\/\/lgrmazury.pl\/wp-content\/uploads\/2023\/09\/DSC_0346z-1280x855.jpg 1280w, https:\/\/lgrmazury.pl\/wp-content\/uploads\/2023\/09\/DSC_0346z-1920x1282.jpg 1920w, https:\/\/lgrmazury.pl\/wp-content\/uploads\/2023\/09\/DSC_0346z-768x513.jpg 768w, https:\/\/lgrmazury.pl\/wp-content\/uploads\/2023\/09\/DSC_0346z-1536x1025.jpg 1536w, https:\/\/lgrmazury.pl\/wp-content\/uploads\/2023\/09\/DSC_0346z-2048x1367.jpg 2048w\" sizes=\"auto, (max-width: 930px) 100vw, 930px\" \/><\/a><\/div><div class=\"obfx-grid-col-content\">\t\t\t<h4 class=\"entry-title obfx-grid-title\">\n\t\t\t\t\t\t\t<a href=\"https:\/\/lgrmazury.pl\/en\/festiwal-mazurskich-tradycji-rybackich\/\" title=\"12 sierpnia mieli\u015bmy niezwyk\u0142\u0105 okazj\u0119 spotka\u0107 si\u0119 w Orzyszu podczas fantastycznego wydarzenia &#8211; Festiwalu Mazurskich Tradycji Rybackich!\">\n\t\t\t\t\t12 sierpnia mieli\u015bmy niezwyk\u0142\u0105 okazj\u0119 spotka\u0107 si\u0119 w Orzyszu podczas fantastycznego wydarzenia &#8211; Festiwalu Mazurskich Tradycji Rybackich!\t\t\t\t<\/a>\n\t\t\t\t\t\t\t<\/h4>\n\t\t\t\t\t\t\t<div class=\"entry-meta obfx-grid-meta\">\n\n\t\t\t\t\t\t\t\t\t\t\t\t\t<span class=\"obfx-grid-date\">\n\t\t\t\t\t\t\t\t\t2023-09-20\t\t\t\t\t\t\t\t<\/span>\n\t\t\t\t\t\t\t\t\n\t\t\t\t<\/div>\n\t\t\t\t\t\t\t<div class=\"entry-content obfx-grid-content\">\n\t\t\t\tTo niezwyk\u0142e spotkanie by\u0142o mo\u017cliwe dzi\u0119ki wsparciu finansowemu Programu Operacyjnego &#8220;Rybactwo i Morze&#8221; 2014-2020. &nbsp; Podczas festiwalu mieli\u015bmy okazj\u0119 przyjrze\u0107 si\u0119 wielu fascynuj\u0105cym rzemios\u0142om. W piekarni przygotowanej przez Mazurskie Stowarzyszenie&hellip;\t\t\t<\/div>\n\t\t\t<div class=\"obfx-grid-footer\"><a href=\"https:\/\/lgrmazury.pl\/en\/festiwal-mazurskich-tradycji-rybackich\/\" title=\"Czytaj wi\u0119cej\">Czytaj wi\u0119cej<\/a><\/div><\/div><\/article><\/div><div class=\"obfx-grid-wrapper\"><article class=\"obfx-grid-col\"><div class=\"obfx-grid-col-image\" ><a href=\"https:\/\/lgrmazury.pl\/en\/obejrzyjcie-relacje-telewizji-olsztyn-z-naszych-spotkan-konsultacyjnych\/\" title=\"Obejrzyjcie relacj\u0119 Telewizji Olsztyn z naszych spotka\u0144 konsultacyjnych\"><img loading=\"lazy\" decoding=\"async\" width=\"800\" height=\"550\" src=\"https:\/\/lgrmazury.pl\/wp-content\/uploads\/2023\/08\/tvolsztyn.jpg\" class=\"img-responsive wp-post-image\" alt=\"tvolsztyn\" srcset=\"https:\/\/lgrmazury.pl\/wp-content\/uploads\/2023\/08\/tvolsztyn.jpg 800w, https:\/\/lgrmazury.pl\/wp-content\/uploads\/2023\/08\/tvolsztyn-768x528.jpg 768w\" sizes=\"auto, (max-width: 800px) 100vw, 800px\" \/><\/a><\/div><div class=\"obfx-grid-col-content\">\t\t\t<h4 class=\"entry-title obfx-grid-title\">\n\t\t\t\t\t\t\t<a href=\"https:\/\/lgrmazury.pl\/en\/obejrzyjcie-relacje-telewizji-olsztyn-z-naszych-spotkan-konsultacyjnych\/\" title=\"Obejrzyjcie relacj\u0119 Telewizji Olsztyn z naszych spotka\u0144 konsultacyjnych\">\n\t\t\t\t\tObejrzyjcie relacj\u0119 Telewizji Olsztyn z naszych spotka\u0144 konsultacyjnych\t\t\t\t<\/a>\n\t\t\t\t\t\t\t<\/h4>\n\t\t\t\t\t\t\t<div class=\"entry-meta obfx-grid-meta\">\n\n\t\t\t\t\t\t\t\t\t\t\t\t\t<span class=\"obfx-grid-date\">\n\t\t\t\t\t\t\t\t\t2023-08-22\t\t\t\t\t\t\t\t<\/span>\n\t\t\t\t\t\t\t\t\n\t\t\t\t<\/div>\n\t\t\t\t\t\t\t<div class=\"entry-content obfx-grid-content\">\n\t\t\t\tZapraszamy do obejrzenia kr\u00f3tkiego reporta\u017cu Telewizji Olsztyn, po\u015bwi\u0119conego naszym spotkaniom konsultacyjnym dotycz\u0105cym Lokalnej Strategii Rozwoju.\u00a0 Wsp\u00f3lnie z samorz\u0105dowcami, lokalnymi przedsi\u0119biorcami oraz mieszka\u0144cami, zwi\u0105zanymi z w\u0119dkarstwem i rybo\u0142\u00f3wstwem zastanawiamy si\u0119 jak&hellip;\t\t\t<\/div>\n\t\t\t<div class=\"obfx-grid-footer\"><a href=\"https:\/\/lgrmazury.pl\/en\/obejrzyjcie-relacje-telewizji-olsztyn-z-naszych-spotkan-konsultacyjnych\/\" title=\"Czytaj wi\u0119cej\">Czytaj wi\u0119cej<\/a><\/div><\/div><\/article><\/div><div class=\"obfx-grid-wrapper\"><article class=\"obfx-grid-col\"><div class=\"obfx-grid-col-image\" ><a href=\"https:\/\/lgrmazury.pl\/en\/otrzymalismy-grant-na-wzmacnianie-potencjalu-organizacji\/\" title=\"Otrzymali\u015bmy grant na wzmacnianie potencja\u0142u organizacji\"><img loading=\"lazy\" decoding=\"async\" width=\"800\" height=\"551\" src=\"https:\/\/lgrmazury.pl\/wp-content\/uploads\/2023\/08\/Active-citizens-fund@4x.jpg\" class=\"img-responsive wp-post-image\" alt=\"Active-citizens-fund@4x\" srcset=\"https:\/\/lgrmazury.pl\/wp-content\/uploads\/2023\/08\/Active-citizens-fund@4x.jpg 800w, https:\/\/lgrmazury.pl\/wp-content\/uploads\/2023\/08\/Active-citizens-fund@4x-768x529.jpg 768w\" sizes=\"auto, (max-width: 800px) 100vw, 800px\" \/><\/a><\/div><div class=\"obfx-grid-col-content\">\t\t\t<h4 class=\"entry-title obfx-grid-title\">\n\t\t\t\t\t\t\t<a href=\"https:\/\/lgrmazury.pl\/en\/otrzymalismy-grant-na-wzmacnianie-potencjalu-organizacji\/\" title=\"Otrzymali\u015bmy grant na wzmacnianie potencja\u0142u organizacji\">\n\t\t\t\t\tOtrzymali\u015bmy grant na wzmacnianie potencja\u0142u organizacji\t\t\t\t<\/a>\n\t\t\t\t\t\t\t<\/h4>\n\t\t\t\t\t\t\t<div class=\"entry-meta obfx-grid-meta\">\n\n\t\t\t\t\t\t\t\t\t\t\t\t\t<span class=\"obfx-grid-date\">\n\t\t\t\t\t\t\t\t\t2023-08-11\t\t\t\t\t\t\t\t<\/span>\n\t\t\t\t\t\t\t\t\n\t\t\t\t<\/div>\n\t\t\t\t\t\t\t<div class=\"entry-content obfx-grid-content\">\n\t\t\t\tHurra, kolejny sukces. Otrzymali\u015bmy grant w konkursie na mikrogranty og\u0142oszonym w programie &#8220;Aktywni Obywatele Fundusz Regionalny&#8221;. Na li\u015bcie jeszcze pod nazw\u0105 LGR Mazurskie Morze. B\u0119dziemy wzmacnia\u0107 potencja\u0142 organizacji i realizowa\u0107&hellip;\t\t\t<\/div>\n\t\t\t<div class=\"obfx-grid-footer\"><a href=\"https:\/\/lgrmazury.pl\/en\/otrzymalismy-grant-na-wzmacnianie-potencjalu-organizacji\/\" title=\"Czytaj wi\u0119cej\">Czytaj wi\u0119cej<\/a><\/div><\/div><\/article><\/div><\/div><!-- .obfx-grid-container --><\/div><!-- .obfx-grid -->\t\t<\/div>\n\t\t\t\t<\/div>\n\t\t\t\t<div class=\"elementor-element elementor-element-af6ac1e elementor-widget elementor-widget-button\" data-id=\"af6ac1e\" data-element_type=\"widget\" data-widget_type=\"button.default\">\n\t\t\t\t<div class=\"elementor-widget-container\">\n\t\t\t\t\t<div class=\"elementor-button-wrapper\">\n\t\t\t<a class=\"elementor-button elementor-button-link elementor-size-sm\" href=\"\/en\/news\/\">\n\t\t\t\t\t\t<span class=\"elementor-button-content-wrapper\">\n\t\t\t\t\t\t<span class=\"elementor-button-text\">More news<\/span>\n\t\t<\/span>\n\t\t\t\t\t<\/a>\n\t\t<\/div>\n\t\t\t\t<\/div>\n\t\t\t\t<\/div>\n\t\t\t\t\t<\/div>\n\t\t<\/div>\n\t\t\t\t\t\t\t<\/div>\n\t\t<\/section>\n\t\t\t\t<section class=\"elementor-section elementor-top-section elementor-element elementor-element-02512a2 elementor-section-boxed elementor-section-height-default elementor-section-height-default\" data-id=\"02512a2\" data-element_type=\"section\" data-settings=\"{&quot;background_background&quot;:&quot;classic&quot;}\">\n\t\t\t\t\t\t<div class=\"elementor-container elementor-column-gap-default\">\n\t\t\t\t\t<div class=\"elementor-column elementor-col-50 elementor-top-column elementor-element elementor-element-afc4cf3\" data-id=\"afc4cf3\" data-element_type=\"column\">\n\t\t\t<div class=\"elementor-widget-wrap elementor-element-populated\">\n\t\t\t\t\t\t\t\t<div class=\"elementor-element elementor-element-78d0a06 elementor-widget elementor-widget-image\" data-id=\"78d0a06\" data-element_type=\"widget\" data-widget_type=\"image.default\">\n\t\t\t\t<div class=\"elementor-widget-container\">\n\t\t\t<style>\/*! elementor - v3.15.0 - 20-08-2023 *\/\n.elementor-widget-image{text-align:center}.elementor-widget-image a{display:inline-block}.elementor-widget-image a img[src$=\".svg\"]{width:48px}.elementor-widget-image img{vertical-align:middle;display:inline-block}<\/style>\t\t\t\t\t\t\t\t\t\t\t\t<img loading=\"lazy\" decoding=\"async\" width=\"800\" height=\"551\" src=\"https:\/\/lgrmazury.pl\/wp-content\/uploads\/2023\/07\/home-img-1.jpg\" class=\"attachment-large size-large wp-image-70\" alt=\"LGR Mazury\" srcset=\"https:\/\/lgrmazury.pl\/wp-content\/uploads\/2023\/07\/home-img-1.jpg 800w, https:\/\/lgrmazury.pl\/wp-content\/uploads\/2023\/07\/home-img-1-300x207.jpg 300w, https:\/\/lgrmazury.pl\/wp-content\/uploads\/2023\/07\/home-img-1-768x529.jpg 768w\" sizes=\"auto, (max-width: 800px) 100vw, 800px\" \/>\t\t\t\t\t\t\t\t\t\t\t\t\t\t\t<\/div>\n\t\t\t\t<\/div>\n\t\t\t\t\t<\/div>\n\t\t<\/div>\n\t\t\t\t<div class=\"elementor-column elementor-col-50 elementor-top-column elementor-element elementor-element-d0b944c\" data-id=\"d0b944c\" data-element_type=\"column\">\n\t\t\t<div class=\"elementor-widget-wrap elementor-element-populated\">\n\t\t\t\t\t\t\t\t<div class=\"elementor-element elementor-element-621811f elementor-widget elementor-widget-heading\" data-id=\"621811f\" data-element_type=\"widget\" data-widget_type=\"heading.default\">\n\t\t\t\t<div class=\"elementor-widget-container\">\n\t\t\t<h3 class=\"elementor-heading-title elementor-size-default\">About the Association<\/h3>\t\t<\/div>\n\t\t\t\t<\/div>\n\t\t\t\t<div class=\"elementor-element elementor-element-5e2b579 elementor-widget elementor-widget-text-editor\" data-id=\"5e2b579\" data-element_type=\"widget\" data-widget_type=\"text-editor.default\">\n\t\t\t\t<div class=\"elementor-widget-container\">\n\t\t\t<style>\/*! elementor - v3.15.0 - 20-08-2023 *\/\n.elementor-widget-text-editor.elementor-drop-cap-view-stacked .elementor-drop-cap{background-color:#69727d;color:#fff}.elementor-widget-text-editor.elementor-drop-cap-view-framed .elementor-drop-cap{color:#69727d;border:3px solid;background-color:transparent}.elementor-widget-text-editor:not(.elementor-drop-cap-view-default) .elementor-drop-cap{margin-top:8px}.elementor-widget-text-editor:not(.elementor-drop-cap-view-default) .elementor-drop-cap-letter{width:1em;height:1em}.elementor-widget-text-editor .elementor-drop-cap{float:left;text-align:center;line-height:1;font-size:50px}.elementor-widget-text-editor .elementor-drop-cap-letter{display:inline-block}<\/style>\t\t\t\t<p><span style=\"color: var(--nv-text-color); font-family: var(--bodyfontfamily),var(--nv-fallback-ff); font-size: var(--bodyfontsize); font-weight: var(--bodyfontweight); letter-spacing: var(--bodyletterspacing); text-transform: var(--bodytexttransform);\">Local Fishing Group<\/span>\u00a0MAZURY (previously Local Fishing Group &#8220;Masurian Sea&#8221;) is an Association established in May 2022 by fishermen and residents involved in activities for the development of the area covering small Masurian communes where fishing is conducted.\u00a0<span style=\"color: var(--nv-text-color); font-family: var(--bodyfontfamily),var(--nv-fallback-ff); font-size: var(--bodyfontsize); font-weight: var(--bodyfontweight); letter-spacing: var(--bodyletterspacing); text-transform: var(--bodytexttransform);\">The aim of the Association&#8217;s activity is to improve the quality of life of the inhabitants and to support the sustainable development of the LGR MAZURY area.<\/span><\/p>\t\t\t\t\t\t<\/div>\n\t\t\t\t<\/div>\n\t\t\t\t<div class=\"elementor-element elementor-element-b41c069 elementor-widget elementor-widget-button\" data-id=\"b41c069\" data-element_type=\"widget\" data-widget_type=\"button.default\">\n\t\t\t\t<div class=\"elementor-widget-container\">\n\t\t\t\t\t<div class=\"elementor-button-wrapper\">\n\t\t\t<a class=\"elementor-button elementor-button-link elementor-size-sm\" href=\"\/en\/about-the-association\/\">\n\t\t\t\t\t\t<span class=\"elementor-button-content-wrapper\">\n\t\t\t\t\t\t<span class=\"elementor-button-text\">Read more<\/span>\n\t\t<\/span>\n\t\t\t\t\t<\/a>\n\t\t<\/div>\n\t\t\t\t<\/div>\n\t\t\t\t<\/div>\n\t\t\t\t\t<\/div>\n\t\t<\/div>\n\t\t\t\t\t\t\t<\/div>\n\t\t<\/section>\n\t\t\t\t\t\t\t<\/div>\n\t\t","protected":false},"excerpt":{"rendered":"<p>We care about the development of small Masurian communes The aim of the Association&#8217;s activity is to improve the quality of life of the inhabitants and to support the sustainable development of the LGR Mazury area News Budujemy miejsce spotka\u0144 i integracji w LGR Mazury 2023-12-28 Ko\u0144czymy realizacj\u0119 inwestycji dofinansowanej ze \u015brodk\u00f3w Programu Operacyjnego &#8222;Rybactwo&hellip;&nbsp;<\/p>\n<div class=\"read-more-wrapper\"><a href=\"https:\/\/lgrmazury.pl\/en\/otrzymalismy-grant-na-wzmacnianie-potencjalu-organizacji\/\" class=\"button button-secondary\" rel=\"bookmark\">Read More &raquo;<span class=\"screen-reader-text\">Otrzymali\u015bmy grant na wzmacnianie potencja\u0142u organizacji<\/span><\/a><\/div>\n","protected":false},"author":1,"featured_media":677,"parent":0,"menu_order":0,"comment_status":"closed","ping_status":"closed","template":"elementor_header_footer","meta":{"neve_meta_sidebar":"","neve_meta_container":"","neve_meta_enable_content_width":"on","neve_meta_content_width":100,"neve_meta_title_alignment":"","neve_meta_author_avatar":"","neve_post_elements_order":"","neve_meta_disable_header":"","neve_meta_disable_footer":"","neve_meta_disable_title":"on","neve_meta_reading_time":"","footnotes":""},"class_list":["post-387","page","type-page","status-publish","has-post-thumbnail","hentry"],"_links":{"self":[{"href":"https:\/\/lgrmazury.pl\/en\/wp-json\/wp\/v2\/pages\/387","targetHints":{"allow":["GET"]}}],"collection":[{"href":"https:\/\/lgrmazury.pl\/en\/wp-json\/wp\/v2\/pages"}],"about":[{"href":"https:\/\/lgrmazury.pl\/en\/wp-json\/wp\/v2\/types\/page"}],"author":[{"embeddable":true,"href":"https:\/\/lgrmazury.pl\/en\/wp-json\/wp\/v2\/users\/1"}],"replies":[{"embeddable":true,"href":"https:\/\/lgrmazury.pl\/en\/wp-json\/wp\/v2\/comments?post=387"}],"version-history":[{"count":10,"href":"https:\/\/lgrmazury.pl\/en\/wp-json\/wp\/v2\/pages\/387\/revisions"}],"predecessor-version":[{"id":726,"href":"https:\/\/lgrmazury.pl\/en\/wp-json\/wp\/v2\/pages\/387\/revisions\/726"}],"wp:featuredmedia":[{"embeddable":true,"href":"https:\/\/lgrmazury.pl\/en\/wp-json\/wp\/v2\/media\/677"}],"wp:attachment":[{"href":"https:\/\/lgrmazury.pl\/en\/wp-json\/wp\/v2\/media?parent=387"}],"curies":[{"name":"wp","href":"https:\/\/api.w.org\/{rel}","templated":true}]}}