{"id":1520,"date":"2025-04-23T16:30:58","date_gmt":"2025-04-23T14:30:58","guid":{"rendered":"https:\/\/lgrmazury.pl\/?page_id=1520"},"modified":"2025-04-23T16:30:58","modified_gmt":"2025-04-23T14:30:58","slug":"projects-3","status":"publish","type":"page","link":"https:\/\/lgrmazury.pl\/en\/projects\/projects-3\/","title":{"rendered":"Projects"},"content":{"rendered":"\t\t<div data-elementor-type=\"wp-page\" data-elementor-id=\"1520\" class=\"elementor elementor-1520 elementor-1519\">\n\t\t\t\t\t\t\t\t\t<section class=\"elementor-section elementor-top-section elementor-element elementor-element-9a12d35 elementor-section-boxed elementor-section-height-default elementor-section-height-default\" data-id=\"9a12d35\" data-element_type=\"section\" data-settings=\"{&quot;background_background&quot;:&quot;classic&quot;}\">\n\t\t\t\t\t\t<div class=\"elementor-container elementor-column-gap-default\">\n\t\t\t\t\t<div class=\"elementor-column elementor-col-100 elementor-top-column elementor-element elementor-element-4a8bdbd\" data-id=\"4a8bdbd\" data-element_type=\"column\">\n\t\t\t<div class=\"elementor-widget-wrap elementor-element-populated\">\n\t\t\t\t\t\t\t\t<div class=\"elementor-element elementor-element-9837dfd elementor-widget elementor-widget-heading\" data-id=\"9837dfd\" data-element_type=\"widget\" data-widget_type=\"heading.default\">\n\t\t\t\t<div class=\"elementor-widget-container\">\n\t\t\t<style>\/*! elementor - v3.15.0 - 20-08-2023 *\/\n.elementor-heading-title{padding:0;margin:0;line-height:1}.elementor-widget-heading .elementor-heading-title[class*=elementor-size-]>a{color:inherit;font-size:inherit;line-height:inherit}.elementor-widget-heading .elementor-heading-title.elementor-size-small{font-size:15px}.elementor-widget-heading .elementor-heading-title.elementor-size-medium{font-size:19px}.elementor-widget-heading .elementor-heading-title.elementor-size-large{font-size:29px}.elementor-widget-heading .elementor-heading-title.elementor-size-xl{font-size:39px}.elementor-widget-heading .elementor-heading-title.elementor-size-xxl{font-size:59px}<\/style><h1 class=\"elementor-heading-title elementor-size-default\">Aktywni Obywatele \u2013 Fundusz Regionalny\u200b<\/h1>\t\t<\/div>\n\t\t\t\t<\/div>\n\t\t\t\t\t<\/div>\n\t\t<\/div>\n\t\t\t\t\t\t\t<\/div>\n\t\t<\/section>\n\t\t\t\t<section class=\"elementor-section elementor-top-section elementor-element elementor-element-efb8a78 elementor-section-boxed elementor-section-height-default elementor-section-height-default\" data-id=\"efb8a78\" data-element_type=\"section\" data-settings=\"{&quot;background_background&quot;:&quot;classic&quot;}\">\n\t\t\t\t\t\t<div class=\"elementor-container elementor-column-gap-default\">\n\t\t\t\t\t<div class=\"elementor-column elementor-col-100 elementor-top-column elementor-element elementor-element-b410a9b\" data-id=\"b410a9b\" data-element_type=\"column\">\n\t\t\t<div class=\"elementor-widget-wrap elementor-element-populated\">\n\t\t\t\t\t\t\t\t<div class=\"elementor-element elementor-element-fb80cae elementor-widget elementor-widget-text-editor\" data-id=\"fb80cae\" data-element_type=\"widget\" data-widget_type=\"text-editor.default\">\n\t\t\t\t<div class=\"elementor-widget-container\">\n\t\t\t<style>\/*! elementor - v3.15.0 - 20-08-2023 *\/\n.elementor-widget-text-editor.elementor-drop-cap-view-stacked .elementor-drop-cap{background-color:#69727d;color:#fff}.elementor-widget-text-editor.elementor-drop-cap-view-framed .elementor-drop-cap{color:#69727d;border:3px solid;background-color:transparent}.elementor-widget-text-editor:not(.elementor-drop-cap-view-default) .elementor-drop-cap{margin-top:8px}.elementor-widget-text-editor:not(.elementor-drop-cap-view-default) .elementor-drop-cap-letter{width:1em;height:1em}.elementor-widget-text-editor .elementor-drop-cap{float:left;text-align:center;line-height:1;font-size:50px}.elementor-widget-text-editor .elementor-drop-cap-letter{display:inline-block}<\/style>\t\t\t\t<p><b>Mikrogrant na wzmocnienie potencja\u0142u stowarzyszenia. Projekt dofinansowany przez Islandi\u0119, Liechtenstein i Norwegi\u0119 z Funduszy EOG i Funduszy Norweskich w ramach Programu Aktywni Obywatele \u2013 Fundusz Regionalny.\u00a0<\/b><\/p>\n<p>W ramach projektu realizujemy nast\u0119puj\u0105ce dzia\u0142ania:<\/p>\n<ul>\n<li>spotkania konsultacyjno-informacyjne z mieszka\u0144cami w celu zebrania informacji do opracowania Lokalnej Strategii Rozwoju,<\/li>\n<li>utworzenie strony internetowej, oraz jej aktualizowanie i prowadzenie portali spo\u0142eczno\u015bciowych na Facebooku i Instagramie,<\/li>\n<li>szkolenia on-line dla zespo\u0142u stowarzyszenia z budowania strategii fundrisingowej i wykorzystania social-medi\u00f3w w dzia\u0142aniu organizacji,<\/li>\n<li>konferencja na temat zmian klimatu i zagro\u017ce\u0144 dla \u015brodowiska,<\/li>\n<li>obs\u0142uga merytoryczna i ksi\u0119gowa realizowanych dzia\u0142a\u0144.<\/li>\n<\/ul>\n\t\t\t\t\t\t<\/div>\n\t\t\t\t<\/div>\n\t\t\t\t\t<\/div>\n\t\t<\/div>\n\t\t\t\t\t\t\t<\/div>\n\t\t<\/section>\n\t\t\t\t<section class=\"elementor-section elementor-top-section elementor-element elementor-element-6f8d8d6 elementor-section-boxed elementor-section-height-default elementor-section-height-default\" data-id=\"6f8d8d6\" data-element_type=\"section\">\n\t\t\t\t\t\t<div class=\"elementor-container elementor-column-gap-default\">\n\t\t\t\t\t<div class=\"elementor-column elementor-col-100 elementor-top-column elementor-element elementor-element-3c48156\" data-id=\"3c48156\" data-element_type=\"column\">\n\t\t\t<div class=\"elementor-widget-wrap elementor-element-populated\">\n\t\t\t\t\t\t\t\t<div class=\"elementor-element elementor-element-000a046 elementor-widget elementor-widget-heading\" data-id=\"000a046\" data-element_type=\"widget\" data-widget_type=\"heading.default\">\n\t\t\t\t<div class=\"elementor-widget-container\">\n\t\t\t<h2 class=\"elementor-heading-title elementor-size-default\">Aktualno\u015bci<\/h2>\t\t<\/div>\n\t\t\t\t<\/div>\n\t\t\t\t<div class=\"elementor-element elementor-element-1fd1543 elementor-widget elementor-widget-obfx-posts-grid\" data-id=\"1fd1543\" data-element_type=\"widget\" data-widget_type=\"obfx-posts-grid.default\">\n\t\t\t\t<div class=\"elementor-widget-container\">\n\t\t\t<div class=\"obfx-grid\"><div class=\"obfx-grid-container obfx-grid-mobile-1 obfx-grid-tablet-2 obfx-grid-desktop-3\"><div class=\"obfx-grid-wrapper\"><article class=\"obfx-grid-col\"><div class=\"obfx-grid-col-image\" ><img loading=\"lazy\" decoding=\"async\" width=\"800\" height=\"551\" src=\"https:\/\/lgrmazury.pl\/wp-content\/uploads\/2023\/08\/Active-citizens-fund@4x.jpg\" class=\"img-responsive wp-post-image\" alt=\"Active-citizens-fund@4x\" srcset=\"https:\/\/lgrmazury.pl\/wp-content\/uploads\/2023\/08\/Active-citizens-fund@4x.jpg 800w, https:\/\/lgrmazury.pl\/wp-content\/uploads\/2023\/08\/Active-citizens-fund@4x-768x529.jpg 768w\" sizes=\"auto, (max-width: 800px) 100vw, 800px\" \/><\/a><\/div><div class=\"obfx-grid-col-content\">\t\t\t<h3 class=\"entry-title obfx-grid-title\">\n\t\t\tOtrzymali\u015bmy grant na wzmacnianie potencja\u0142u organizacji\t\t\t<\/h3>\n\t\t\t\t\t\t\t<div class=\"entry-meta obfx-grid-meta\">\n\n\t\t\t\t\t\t\t\t\t\t\t\t\t<span class=\"obfx-grid-date\">\n\t\t\t\t\t\t\t\t\t2023-08-11\t\t\t\t\t\t\t\t<\/span>\n\t\t\t\t\t\t\t\t\n\t\t\t\t<\/div>\n\t\t\t\t\t\t\t<div class=\"entry-content obfx-grid-content\">\n\t\t\t\tHurra, kolejny sukces. Otrzymali\u015bmy grant w konkursie na mikrogranty og\u0142oszonym w programie &#8220;Aktywni Obywatele Fundusz Regionalny&#8221;. Na li\u015bcie jeszcze pod nazw\u0105 LGR Mazurskie Morze. B\u0119dziemy wzmacnia\u0107 potencja\u0142 organizacji i realizowa\u0107&hellip;\t\t\t<\/div>\n\t\t\t<div class=\"obfx-grid-footer\"><a href=\"https:\/\/lgrmazury.pl\/en\/otrzymalismy-grant-na-wzmacnianie-potencjalu-organizacji\/\" title=\"Czytaj wi\u0119cej\">Czytaj wi\u0119cej<\/a><\/div><\/div><\/article><\/div><\/div><!-- .obfx-grid-container --><\/div><!-- .obfx-grid -->\t\t<\/div>\n\t\t\t\t<\/div>\n\t\t\t\t<div class=\"elementor-element elementor-element-fe09e62 elementor-widget elementor-widget-button\" data-id=\"fe09e62\" data-element_type=\"widget\" data-widget_type=\"button.default\">\n\t\t\t\t<div class=\"elementor-widget-container\">\n\t\t\t\t\t<div class=\"elementor-button-wrapper\">\n\t\t\t<a class=\"elementor-button elementor-button-link elementor-size-sm\" href=\"https:\/\/lgrmazury.pl\/en\/kategoria\/aktywni-obywatele-en\/\">\n\t\t\t\t\t\t<span class=\"elementor-button-content-wrapper\">\n\t\t\t\t\t\t<span class=\"elementor-button-text\">Wi\u0119cej aktualno\u015bci<\/span>\n\t\t<\/span>\n\t\t\t\t\t<\/a>\n\t\t<\/div>\n\t\t\t\t<\/div>\n\t\t\t\t<\/div>\n\t\t\t\t\t<\/div>\n\t\t<\/div>\n\t\t\t\t\t\t\t<\/div>\n\t\t<\/section>\n\t\t\t\t\t\t\t<\/div>\n\t\t","protected":false},"excerpt":{"rendered":"<p>Aktywni Obywatele \u2013 Fundusz Regionalny\u200b Mikrogrant na wzmocnienie potencja\u0142u stowarzyszenia. Projekt dofinansowany przez Islandi\u0119, Liechtenstein i Norwegi\u0119 z Funduszy EOG i Funduszy Norweskich w ramach Programu Aktywni Obywatele \u2013 Fundusz Regionalny.\u00a0 W ramach projektu realizujemy nast\u0119puj\u0105ce dzia\u0142ania: spotkania konsultacyjno-informacyjne z mieszka\u0144cami w celu zebrania informacji do opracowania Lokalnej Strategii Rozwoju, utworzenie strony internetowej, oraz jej&hellip;&nbsp;<\/p>\n<div class=\"read-more-wrapper\"><a href=\"https:\/\/lgrmazury.pl\/en\/otrzymalismy-grant-na-wzmacnianie-potencjalu-organizacji\/\" class=\"button button-secondary\" rel=\"bookmark\">Read More &raquo;<span class=\"screen-reader-text\">Otrzymali\u015bmy grant na wzmacnianie potencja\u0142u organizacji<\/span><\/a><\/div>\n","protected":false},"author":1,"featured_media":0,"parent":569,"menu_order":0,"comment_status":"closed","ping_status":"closed","template":"page-templates\/template-pagebuilder-full-width.php","meta":{"neve_meta_sidebar":"","neve_meta_container":"","neve_meta_enable_content_width":"off","neve_meta_content_width":100,"neve_meta_title_alignment":"","neve_meta_author_avatar":"","neve_post_elements_order":"","neve_meta_disable_header":"","neve_meta_disable_footer":"","neve_meta_disable_title":"on","neve_meta_reading_time":"","footnotes":""},"class_list":["post-1520","page","type-page","status-publish","hentry"],"_links":{"self":[{"href":"https:\/\/lgrmazury.pl\/en\/wp-json\/wp\/v2\/pages\/1520","targetHints":{"allow":["GET"]}}],"collection":[{"href":"https:\/\/lgrmazury.pl\/en\/wp-json\/wp\/v2\/pages"}],"about":[{"href":"https:\/\/lgrmazury.pl\/en\/wp-json\/wp\/v2\/types\/page"}],"author":[{"embeddable":true,"href":"https:\/\/lgrmazury.pl\/en\/wp-json\/wp\/v2\/users\/1"}],"replies":[{"embeddable":true,"href":"https:\/\/lgrmazury.pl\/en\/wp-json\/wp\/v2\/comments?post=1520"}],"version-history":[{"count":1,"href":"https:\/\/lgrmazury.pl\/en\/wp-json\/wp\/v2\/pages\/1520\/revisions"}],"predecessor-version":[{"id":1521,"href":"https:\/\/lgrmazury.pl\/en\/wp-json\/wp\/v2\/pages\/1520\/revisions\/1521"}],"up":[{"embeddable":true,"href":"https:\/\/lgrmazury.pl\/en\/wp-json\/wp\/v2\/pages\/569"}],"wp:attachment":[{"href":"https:\/\/lgrmazury.pl\/en\/wp-json\/wp\/v2\/media?parent=1520"}],"curies":[{"name":"wp","href":"https:\/\/api.w.org\/{rel}","templated":true}]}}