{"id":1359,"date":"2025-03-08T10:44:22","date_gmt":"2025-03-08T09:44:22","guid":{"rendered":"https:\/\/lgrmazury.pl\/?page_id=1359"},"modified":"2025-03-08T10:44:22","modified_gmt":"2025-03-08T09:44:22","slug":"projects-2","status":"publish","type":"page","link":"https:\/\/lgrmazury.pl\/en\/projects-2\/","title":{"rendered":"Projects"},"content":{"rendered":"\t\t<div data-elementor-type=\"wp-page\" data-elementor-id=\"1359\" class=\"elementor elementor-1359 elementor-1358\">\n\t\t\t\t\t\t\t\t\t<section class=\"elementor-section elementor-top-section elementor-element elementor-element-9a12d35 elementor-section-boxed elementor-section-height-default elementor-section-height-default\" data-id=\"9a12d35\" data-element_type=\"section\" data-settings=\"{&quot;background_background&quot;:&quot;classic&quot;}\">\n\t\t\t\t\t\t<div class=\"elementor-container elementor-column-gap-default\">\n\t\t\t\t\t<div class=\"elementor-column elementor-col-100 elementor-top-column elementor-element elementor-element-4a8bdbd\" data-id=\"4a8bdbd\" data-element_type=\"column\">\n\t\t\t<div class=\"elementor-widget-wrap elementor-element-populated\">\n\t\t\t\t\t\t\t\t<div class=\"elementor-element elementor-element-9837dfd elementor-widget elementor-widget-heading\" data-id=\"9837dfd\" data-element_type=\"widget\" data-widget_type=\"heading.default\">\n\t\t\t\t<div class=\"elementor-widget-container\">\n\t\t\t<style>\/*! elementor - v3.15.0 - 20-08-2023 *\/\n.elementor-heading-title{padding:0;margin:0;line-height:1}.elementor-widget-heading .elementor-heading-title[class*=elementor-size-]>a{color:inherit;font-size:inherit;line-height:inherit}.elementor-widget-heading .elementor-heading-title.elementor-size-small{font-size:15px}.elementor-widget-heading .elementor-heading-title.elementor-size-medium{font-size:19px}.elementor-widget-heading .elementor-heading-title.elementor-size-large{font-size:29px}.elementor-widget-heading .elementor-heading-title.elementor-size-xl{font-size:39px}.elementor-widget-heading .elementor-heading-title.elementor-size-xxl{font-size:59px}<\/style><h1 class=\"elementor-heading-title elementor-size-default\">Lokalna Strategia Rozwoju<\/h1>\t\t<\/div>\n\t\t\t\t<\/div>\n\t\t\t\t\t<\/div>\n\t\t<\/div>\n\t\t\t\t\t\t\t<\/div>\n\t\t<\/section>\n\t\t\t\t<section class=\"elementor-section elementor-top-section elementor-element elementor-element-c26f281 elementor-section-boxed elementor-section-height-default elementor-section-height-default\" data-id=\"c26f281\" data-element_type=\"section\" data-settings=\"{&quot;background_background&quot;:&quot;classic&quot;}\">\n\t\t\t\t\t\t<div class=\"elementor-container elementor-column-gap-default\">\n\t\t\t\t\t<div class=\"elementor-column elementor-col-100 elementor-top-column elementor-element elementor-element-1f6679b\" data-id=\"1f6679b\" data-element_type=\"column\">\n\t\t\t<div class=\"elementor-widget-wrap elementor-element-populated\">\n\t\t\t\t\t\t\t\t<div class=\"elementor-element elementor-element-52e122c elementor-widget elementor-widget-text-editor\" data-id=\"52e122c\" data-element_type=\"widget\" data-widget_type=\"text-editor.default\">\n\t\t\t\t<div class=\"elementor-widget-container\">\n\t\t\t<style>\/*! elementor - v3.15.0 - 20-08-2023 *\/\n.elementor-widget-text-editor.elementor-drop-cap-view-stacked .elementor-drop-cap{background-color:#69727d;color:#fff}.elementor-widget-text-editor.elementor-drop-cap-view-framed .elementor-drop-cap{color:#69727d;border:3px solid;background-color:transparent}.elementor-widget-text-editor:not(.elementor-drop-cap-view-default) .elementor-drop-cap{margin-top:8px}.elementor-widget-text-editor:not(.elementor-drop-cap-view-default) .elementor-drop-cap-letter{width:1em;height:1em}.elementor-widget-text-editor .elementor-drop-cap{float:left;text-align:center;line-height:1;font-size:50px}.elementor-widget-text-editor .elementor-drop-cap-letter{display:inline-block}<\/style>\t\t\t\t<p>Lokalna Grupa Rybacka Mazury realizuje projekt <em>Wzmocnienie potencja\u0142u LGR Mazury poprzez opracowanie Lokalnej Strategii Rozwoju. <\/em><\/p>\n<p><\/p>\n<p>Warto\u015b\u0107 operacji: 25 000,00 z\u0142<\/p>\n<p><\/p>\n<p>Wsparcie ze \u015brodk\u00f3w Funduszy Europejskich (EFMRA): 17500,00z\u0142.<\/p>\n<p><\/p>\n<p>Cel operacji: przygotowanie Lokalnej Strategii Rozwoju dla obszaru gmin mazurskich oraz pozyskania \u015brodk\u00f3w z Funduszy Europejskich dla Rybactwa na lata 2021-2027 na jej wdra\u017canie<\/p>\n<p><\/p>\n<p>Zadania realizowane w ramach operacji, efekty:<\/p>\n<ul>\n<li>zebranie informacji podczas spotka\u0144 konsultacyjno-informacyjnych dla mieszka\u0144c\u00f3w, oraz za pomoc\u0105 ankiety on-line, spotkania bran\u017cowe z sektorem rybackim, samorz\u0105dem,<\/li>\n<li>uporz\u0105dkowanie zebranych informacji oraz danych statystycznych, analiza opracowanie dokumentu strategii,<\/li>\n<li>opracowanie danych obejmuj\u0105cych sektor rybacki na obszarze obj\u0119tym LSR wraz z ich analiz\u0105,<\/li>\n<li>konsultacje projektu Lokalnej Strategii Rozwoju, zebranie i analiza uwag,<\/li>\n<li>przedstawienie ko\u0144cowego dokumentu LSR.<\/li>\n<\/ul>\n<p>Operacja skierowana jest do mieszka\u0144c\u00f3w obszaru 17 gmin obj\u0119tych Lokaln\u0105 Strategi\u0105 Rozwoju, w ramach kt\u00f3rej b\u0119d\u0105 mieli mo\u017cliwo\u015b\u0107 uzyskania dofinansowania na realizacj\u0119 w\u0142asnych pomys\u0142\u00f3w.<\/p>\n<p><\/p>\n<p><a href=\"http:\/\/www.mapadotacji.gov.pl\">www.mapadotacji.gov.pl<\/a><\/p>\t\t\t\t\t\t<\/div>\n\t\t\t\t<\/div>\n\t\t\t\t\t<\/div>\n\t\t<\/div>\n\t\t\t\t\t\t\t<\/div>\n\t\t<\/section>\n\t\t\t\t<section class=\"elementor-section elementor-top-section elementor-element elementor-element-6d066ba elementor-section-boxed elementor-section-height-default elementor-section-height-default\" data-id=\"6d066ba\" data-element_type=\"section\" data-settings=\"{&quot;background_background&quot;:&quot;classic&quot;}\">\n\t\t\t\t\t\t<div class=\"elementor-container elementor-column-gap-default\">\n\t\t\t\t\t<div class=\"elementor-column elementor-col-100 elementor-top-column elementor-element elementor-element-eca9304\" data-id=\"eca9304\" data-element_type=\"column\">\n\t\t\t<div class=\"elementor-widget-wrap elementor-element-populated\">\n\t\t\t\t\t\t\t\t<div class=\"elementor-element elementor-element-b7e36f8 elementor-widget elementor-widget-heading\" data-id=\"b7e36f8\" data-element_type=\"widget\" data-widget_type=\"heading.default\">\n\t\t\t\t<div class=\"elementor-widget-container\">\n\t\t\t<h3 class=\"elementor-heading-title elementor-size-default\">Ankieta dot. Lokalnej Strategii Rozwoju<\/h3>\t\t<\/div>\n\t\t\t\t<\/div>\n\t\t\t\t<div class=\"elementor-element elementor-element-b4ea150 elementor-widget elementor-widget-text-editor\" data-id=\"b4ea150\" data-element_type=\"widget\" data-widget_type=\"text-editor.default\">\n\t\t\t\t<div class=\"elementor-widget-container\">\n\t\t\t\t\t\t\t<p>Szanowni Pa\u0144stwo, prosimy o wyra\u017cenie opinii, kt\u00f3re stan\u0105 si\u0119 podstaw\u0105 opracowania Lokalnej Strategii Rozwoju (LSR) do roku 2027. LSR obejmie obszar 17 gmin zrzeszonych w Lokalnej Grupie Rybackiej Mazury (W\u0119gorzewo, Pozezdrze, Gi\u017cycko, Kruklanki, Wydminy, Mi\u0142ki, Ryn, Orzysz, Pisz, Ruciane-Nida, Piecki, Miko\u0142ajki, Sorkwity, Mr\u0105gowo (gmina wiejska), \u015awi\u0119tajno (powiat olecki), Stare Juchy, E\u0142k) Pa\u0144stwa opinie s\u0105 anonimowe. Wype\u0142nienie ankiety zajmuje ok. 5 minut. Z g\u00f3ry dzi\u0119kujemy za zaanga\u017cowanie w spo\u0142eczne konsultacje przy opracowaniu Lokalnej Strategii Rozwoju!<\/p>\n\t\t\t\t\t\t<\/div>\n\t\t\t\t<\/div>\n\t\t\t\t<div class=\"elementor-element elementor-element-be4ce3f elementor-align-center elementor-widget elementor-widget-button\" data-id=\"be4ce3f\" data-element_type=\"widget\" data-widget_type=\"button.default\">\n\t\t\t\t<div class=\"elementor-widget-container\">\n\t\t\t\t\t<div class=\"elementor-button-wrapper\">\n\t\t\t<a class=\"elementor-button elementor-button-link elementor-size-sm\" href=\"https:\/\/lgrmazury.pl\/ankieta-lsr\/\">\n\t\t\t\t\t\t<span class=\"elementor-button-content-wrapper\">\n\t\t\t\t\t\t<span class=\"elementor-button-text\">Wype\u0142nij ankiet\u0119<\/span>\n\t\t<\/span>\n\t\t\t\t\t<\/a>\n\t\t<\/div>\n\t\t\t\t<\/div>\n\t\t\t\t<\/div>\n\t\t\t\t\t<\/div>\n\t\t<\/div>\n\t\t\t\t\t\t\t<\/div>\n\t\t<\/section>\n\t\t\t\t<section class=\"elementor-section elementor-top-section elementor-element elementor-element-19f2bbe elementor-section-boxed elementor-section-height-default elementor-section-height-default\" data-id=\"19f2bbe\" data-element_type=\"section\">\n\t\t\t\t\t\t<div class=\"elementor-container elementor-column-gap-default\">\n\t\t\t\t\t<div class=\"elementor-column elementor-col-100 elementor-top-column elementor-element elementor-element-7a42b97\" data-id=\"7a42b97\" data-element_type=\"column\">\n\t\t\t<div class=\"elementor-widget-wrap elementor-element-populated\">\n\t\t\t\t\t\t\t\t<div class=\"elementor-element elementor-element-6bb1cfc elementor-widget elementor-widget-heading\" data-id=\"6bb1cfc\" data-element_type=\"widget\" data-widget_type=\"heading.default\">\n\t\t\t\t<div class=\"elementor-widget-container\">\n\t\t\t<h2 class=\"elementor-heading-title elementor-size-default\">Aktualno\u015bci<\/h2>\t\t<\/div>\n\t\t\t\t<\/div>\n\t\t\t\t<div class=\"elementor-element elementor-element-5f05ffa elementor-widget elementor-widget-obfx-posts-grid\" data-id=\"5f05ffa\" data-element_type=\"widget\" data-widget_type=\"obfx-posts-grid.default\">\n\t\t\t\t<div class=\"elementor-widget-container\">\n\t\t\t<div class=\"obfx-grid\"><div class=\"obfx-grid-container obfx-grid-mobile-1 obfx-grid-tablet-2 obfx-grid-desktop-3\"><div class=\"obfx-grid-wrapper\"><article class=\"obfx-grid-col\"><div class=\"obfx-grid-col-image\" ><img loading=\"lazy\" decoding=\"async\" width=\"800\" height=\"550\" src=\"https:\/\/lgrmazury.pl\/wp-content\/uploads\/2023\/08\/tvolsztyn.jpg\" class=\"img-responsive wp-post-image\" alt=\"tvolsztyn\" srcset=\"https:\/\/lgrmazury.pl\/wp-content\/uploads\/2023\/08\/tvolsztyn.jpg 800w, https:\/\/lgrmazury.pl\/wp-content\/uploads\/2023\/08\/tvolsztyn-768x528.jpg 768w\" sizes=\"auto, (max-width: 800px) 100vw, 800px\" \/><\/a><\/div><div class=\"obfx-grid-col-content\">\t\t\t<h3 class=\"entry-title obfx-grid-title\">\n\t\t\tObejrzyjcie relacj\u0119 Telewizji Olsztyn z naszych spotka\u0144 konsultacyjnych\t\t\t<\/h3>\n\t\t\t\t\t\t\t<div class=\"entry-meta obfx-grid-meta\">\n\n\t\t\t\t\t\t\t\t\t\t\t\t\t<span class=\"obfx-grid-date\">\n\t\t\t\t\t\t\t\t\t2023-08-22\t\t\t\t\t\t\t\t<\/span>\n\t\t\t\t\t\t\t\t\n\t\t\t\t<\/div>\n\t\t\t\t\t\t\t<div class=\"entry-content obfx-grid-content\">\n\t\t\t\tZapraszamy do obejrzenia kr\u00f3tkiego reporta\u017cu Telewizji Olsztyn, po\u015bwi\u0119conego naszym spotkaniom konsultacyjnym dotycz\u0105cym Lokalnej Strategii Rozwoju.\u00a0 Wsp\u00f3lnie z samorz\u0105dowcami, lokalnymi przedsi\u0119biorcami oraz mieszka\u0144cami, zwi\u0105zanymi z w\u0119dkarstwem i rybo\u0142\u00f3wstwem zastanawiamy si\u0119 jak&hellip;\t\t\t<\/div>\n\t\t\t<div class=\"obfx-grid-footer\"><a href=\"https:\/\/lgrmazury.pl\/en\/obejrzyjcie-relacje-telewizji-olsztyn-z-naszych-spotkan-konsultacyjnych\/\" title=\"Czytaj wi\u0119cej\">Czytaj wi\u0119cej<\/a><\/div><\/div><\/article><\/div><div class=\"obfx-grid-wrapper\"><article class=\"obfx-grid-col\"><div class=\"obfx-grid-col-image\" ><img loading=\"lazy\" decoding=\"async\" width=\"800\" height=\"551\" src=\"https:\/\/lgrmazury.pl\/wp-content\/uploads\/2023\/08\/20230414_112207.jpg\" class=\"img-responsive wp-post-image\" alt=\"20230414_112207\" srcset=\"https:\/\/lgrmazury.pl\/wp-content\/uploads\/2023\/08\/20230414_112207.jpg 800w, https:\/\/lgrmazury.pl\/wp-content\/uploads\/2023\/08\/20230414_112207-768x529.jpg 768w\" sizes=\"auto, (max-width: 800px) 100vw, 800px\" \/><\/a><\/div><div class=\"obfx-grid-col-content\">\t\t\t<h3 class=\"entry-title obfx-grid-title\">\n\t\t\tRozpoczynamy kolejny etap spotka\u0144 konsultacyjnych\t\t\t<\/h3>\n\t\t\t\t\t\t\t<div class=\"entry-meta obfx-grid-meta\">\n\n\t\t\t\t\t\t\t\t\t\t\t\t\t<span class=\"obfx-grid-date\">\n\t\t\t\t\t\t\t\t\t2023-08-03\t\t\t\t\t\t\t\t<\/span>\n\t\t\t\t\t\t\t\t\n\t\t\t\t<\/div>\n\t\t\t\t\t\t\t<div class=\"entry-content obfx-grid-content\">\n\t\t\t\t16 sierpnia rozpoczynamy kolejny etap spotka\u0144 konsultacyjnych. Ka\u017cdy mo\u017ce decydowa\u0107 o kszta\u0142cie strategii i dofinansowanych projektach. Zapraszamy!\t\t\t<\/div>\n\t\t\t<div class=\"obfx-grid-footer\"><a href=\"https:\/\/lgrmazury.pl\/en\/rozpoczynamy-kolejny-etap-spotkan-konsultacyjnych\/\" title=\"Czytaj wi\u0119cej\">Czytaj wi\u0119cej<\/a><\/div><\/div><\/article><\/div><div class=\"obfx-grid-wrapper\"><article class=\"obfx-grid-col\"><div class=\"obfx-grid-col-image\" ><img loading=\"lazy\" decoding=\"async\" width=\"930\" height=\"620\" src=\"https:\/\/lgrmazury.pl\/wp-content\/uploads\/2023\/07\/362525468_176606618756425_5819712619471534189_n-930x620.jpg\" class=\"img-responsive wp-post-image\" alt=\"362525468_176606618756425_5819712619471534189_n\" \/><\/a><\/div><div class=\"obfx-grid-col-content\">\t\t\t<h3 class=\"entry-title obfx-grid-title\">\n\t\t\tPierwszy etap spotka\u0144 konsultacyjnych za nami\t\t\t<\/h3>\n\t\t\t\t\t\t\t<div class=\"entry-meta obfx-grid-meta\">\n\n\t\t\t\t\t\t\t\t\t\t\t\t\t<span class=\"obfx-grid-date\">\n\t\t\t\t\t\t\t\t\t2023-07-27\t\t\t\t\t\t\t\t<\/span>\n\t\t\t\t\t\t\t\t\n\t\t\t\t<\/div>\n\t\t\t\t\t\t\t<div class=\"entry-content obfx-grid-content\">\n\t\t\t\tWsp\u00f3lnie z mieszka\u0144cami siedmiu mazurskich gmin z powiatu gi\u017cyckiego i w\u0119gorzewskiego pracowali\u015bmy nad diagnoz\u0105 do Lokalnej Strategii Rozwoju. Dzi\u0119kujemy uczestnikom za zaanga\u017cowanie, a w\u0142adzom samorz\u0105dowym za pomoc organizacyjn\u0105. Wypracowane materia\u0142y&hellip;\t\t\t<\/div>\n\t\t\t<div class=\"obfx-grid-footer\"><a href=\"https:\/\/lgrmazury.pl\/en\/pierwszy-etap-spotkan-konsultacyjnych-za-nami\/\" title=\"Czytaj wi\u0119cej\">Czytaj wi\u0119cej<\/a><\/div><\/div><\/article><\/div><\/div><!-- .obfx-grid-container --><\/div><!-- .obfx-grid -->\t\t<\/div>\n\t\t\t\t<\/div>\n\t\t\t\t<div class=\"elementor-element elementor-element-9c6ef43 elementor-widget elementor-widget-button\" data-id=\"9c6ef43\" data-element_type=\"widget\" data-widget_type=\"button.default\">\n\t\t\t\t<div class=\"elementor-widget-container\">\n\t\t\t\t\t<div class=\"elementor-button-wrapper\">\n\t\t\t<a class=\"elementor-button elementor-button-link elementor-size-sm\" href=\"https:\/\/lgrmazury.pl\/en\/kategoria\/lokalna-strategia-rozwoju-en\/\">\n\t\t\t\t\t\t<span class=\"elementor-button-content-wrapper\">\n\t\t\t\t\t\t<span class=\"elementor-button-text\">Wi\u0119cej aktualno\u015bci<\/span>\n\t\t<\/span>\n\t\t\t\t\t<\/a>\n\t\t<\/div>\n\t\t\t\t<\/div>\n\t\t\t\t<\/div>\n\t\t\t\t\t<\/div>\n\t\t<\/div>\n\t\t\t\t\t\t\t<\/div>\n\t\t<\/section>\n\t\t\t\t\t\t\t<\/div>\n\t\t","protected":false},"excerpt":{"rendered":"<p>Lokalna Strategia Rozwoju Lokalna Grupa Rybacka Mazury realizuje projekt Wzmocnienie potencja\u0142u LGR Mazury poprzez opracowanie Lokalnej Strategii Rozwoju. Warto\u015b\u0107 operacji: 25 000,00 z\u0142 Wsparcie ze \u015brodk\u00f3w Funduszy Europejskich (EFMRA): 17500,00z\u0142. Cel operacji: przygotowanie Lokalnej Strategii Rozwoju dla obszaru gmin mazurskich oraz pozyskania \u015brodk\u00f3w z Funduszy Europejskich dla Rybactwa na lata 2021-2027 na jej wdra\u017canie Zadania&hellip;&nbsp;<\/p>\n<div class=\"read-more-wrapper\"><a href=\"https:\/\/lgrmazury.pl\/en\/pierwszy-etap-spotkan-konsultacyjnych-za-nami\/\" class=\"button button-secondary\" rel=\"bookmark\">Read More &raquo;<span class=\"screen-reader-text\">Pierwszy etap spotka\u0144 konsultacyjnych za nami<\/span><\/a><\/div>\n","protected":false},"author":1,"featured_media":0,"parent":0,"menu_order":0,"comment_status":"closed","ping_status":"closed","template":"page-templates\/template-pagebuilder-full-width.php","meta":{"neve_meta_sidebar":"","neve_meta_container":"","neve_meta_enable_content_width":"off","neve_meta_content_width":100,"neve_meta_title_alignment":"","neve_meta_author_avatar":"","neve_post_elements_order":"","neve_meta_disable_header":"","neve_meta_disable_footer":"","neve_meta_disable_title":"on","neve_meta_reading_time":"","footnotes":""},"class_list":["post-1359","page","type-page","status-publish","hentry"],"_links":{"self":[{"href":"https:\/\/lgrmazury.pl\/en\/wp-json\/wp\/v2\/pages\/1359","targetHints":{"allow":["GET"]}}],"collection":[{"href":"https:\/\/lgrmazury.pl\/en\/wp-json\/wp\/v2\/pages"}],"about":[{"href":"https:\/\/lgrmazury.pl\/en\/wp-json\/wp\/v2\/types\/page"}],"author":[{"embeddable":true,"href":"https:\/\/lgrmazury.pl\/en\/wp-json\/wp\/v2\/users\/1"}],"replies":[{"embeddable":true,"href":"https:\/\/lgrmazury.pl\/en\/wp-json\/wp\/v2\/comments?post=1359"}],"version-history":[{"count":1,"href":"https:\/\/lgrmazury.pl\/en\/wp-json\/wp\/v2\/pages\/1359\/revisions"}],"predecessor-version":[{"id":1360,"href":"https:\/\/lgrmazury.pl\/en\/wp-json\/wp\/v2\/pages\/1359\/revisions\/1360"}],"wp:attachment":[{"href":"https:\/\/lgrmazury.pl\/en\/wp-json\/wp\/v2\/media?parent=1359"}],"curies":[{"name":"wp","href":"https:\/\/api.w.org\/{rel}","templated":true}]}}